{"id":3169,"date":"2026-04-25T17:27:07","date_gmt":"2026-04-25T15:27:07","guid":{"rendered":"https:\/\/apph.fr\/wordpress\/?page_id=3169"},"modified":"2026-04-25T18:50:22","modified_gmt":"2026-04-25T16:50:22","slug":"meteo","status":"publish","type":"page","link":"https:\/\/apph.fr\/wordpress\/meteo\/","title":{"rendered":"METEO"},"content":{"rendered":"\t\t<div data-elementor-type=\"wp-page\" data-elementor-id=\"3169\" class=\"elementor elementor-3169\">\n\t\t\t\t<div class=\"elementor-element elementor-element-f0528a6 e-flex e-con-boxed e-con e-parent\" data-id=\"f0528a6\" data-element_type=\"container\" data-e-type=\"container\">\n\t\t\t\t\t<div class=\"e-con-inner\">\n\t\t\t\t<div class=\"elementor-element elementor-element-e2400a0 elementor-widget elementor-widget-html\" data-id=\"e2400a0\" data-element_type=\"widget\" data-e-type=\"widget\" data-widget_type=\"html.default\">\n\t\t\t\t<div class=\"elementor-widget-container\">\n\t\t\t\t\t<section style=\"max-width:1000px;margin:auto;padding:40px;font-family:Arial, sans-serif;\">\n\n  <h1 style=\"text-align:center;color:#1e3a5f;\">\ud83c\udf0a M\u00e9t\u00e9o marine<\/h1>\n\n  <p style=\"text-align:center;font-size:18px;color:#555;\">\n    Pr\u00e9parez vos sorties en mer en toute s\u00e9curit\u00e9 gr\u00e2ce aux pr\u00e9visions m\u00e9t\u00e9o, vent et mar\u00e9es.\n  <\/p>\n\n  <!-- Bloc m\u00e9t\u00e9o -->\n  <div style=\"margin-top:40px;padding:25px;border-radius:12px;background:#f5f7fa;text-align:center;\">\n    <h2 style=\"color:#1e3a5f;\">\ud83c\udf26\ufe0f Pr\u00e9visions m\u00e9t\u00e9o<\/h2>\n\n    <iframe\n      src=\"https:\/\/www.meteoblue.com\/fr\/meteo\/widget\/three\/lorient_france_2997577\"\n      frameborder=\"0\"\n      scrolling=\"NO\"\n      allowtransparency=\"true\"\n      style=\"width:100%;max-width:600px;height:600px;border-radius:12px;\">\n    <\/iframe>\n  <\/div>\n\n  <!-- Bloc vent -->\n  <div style=\"margin-top:30px;padding:25px;border-radius:12px;background:#f5f7fa;text-align:center;\">\n    <h2 style=\"color:#1e3a5f;\">\ud83d\udca8 Vent (Windy)<\/h2>\n\n    <iframe \n      width=\"100%\" \n      height=\"450\" \n      src=\"https:\/\/embed.windy.com\/embed2.html?lat=47.80&lon=-3.28&detailLat=47.80&detailLon=-3.28&zoom=9&level=surface&overlay=wind&menu=&message=true&marker=true\" \n      frameborder=\"0\"\n      style=\"border-radius:12px;\">\n    <\/iframe>\n  <\/div>\n\n \n\n  <!-- Conseils -->\n  <div style=\"margin-top:30px;padding:25px;border-radius:12px;background:#f5f7fa;\">\n    <h2 style=\"color:#1e3a5f;\">\u2693 Conseils navigation<\/h2>\n\n    <ul style=\"line-height:1.8;\">\n      <li>V\u00e9rifiez la force et la direction du vent<\/li>\n      <li>Consultez les coefficients de mar\u00e9e<\/li>\n      <li>Attention aux courants dans le Blavet<\/li>\n      <li>Ne partez jamais sans \u00e9quipement de s\u00e9curit\u00e9<\/li>\n    <\/ul>\n  <\/div>\n\n<\/section>\t\t\t\t<\/div>\n\t\t\t\t<\/div>\n\t\t\t\t\t<\/div>\n\t\t\t\t<\/div>\n\t\t<div class=\"elementor-element elementor-element-2833a09 e-flex e-con-boxed e-con e-parent\" data-id=\"2833a09\" data-element_type=\"container\" data-e-type=\"container\">\n\t\t\t\t\t<div class=\"e-con-inner\">\n\t\t\t\t<div class=\"elementor-element elementor-element-25dda27 elementor-widget elementor-widget-html\" data-id=\"25dda27\" data-element_type=\"widget\" data-e-type=\"widget\" data-widget_type=\"html.default\">\n\t\t\t\t<div class=\"elementor-widget-container\">\n\t\t\t\t\t<div style=\"text-align:center; margin:30px;\">\n  <a href=\"https:\/\/maree.info\/95\"\n     target=\"_blank\"\n     rel=\"noopener\"\n     style=\"\n       display:inline-block;\n       background:#006b8f;\n       color:white;\n       padding:15px 25px;\n       border-radius:8px;\n       text-decoration:none;\n       font-size:18px;\n       font-weight:bold;\n     \">\n    \ud83c\udf0a Voir les mar\u00e9es \u00e0 Lorient\n  <\/a>\n<\/div>\t\t\t\t<\/div>\n\t\t\t\t<\/div>\n\t\t\t\t\t<\/div>\n\t\t\t\t<\/div>\n\t\t\t\t<\/div>\n\t\t","protected":false},"excerpt":{"rendered":"<p>\ud83c\udf0a M\u00e9t\u00e9o marine Pr\u00e9parez vos sorties en mer en toute s\u00e9curit\u00e9 gr\u00e2ce aux pr\u00e9visions m\u00e9t\u00e9o, vent et mar\u00e9es. \ud83c\udf26\ufe0f Pr\u00e9visions m\u00e9t\u00e9o \ud83d\udca8 Vent (Windy) \u2693 Conseils navigation V\u00e9rifiez la force et la direction du vent Consultez les coefficients de mar\u00e9e Attention aux courants dans le Blavet Ne partez jamais sans \u00e9quipement de s\u00e9curit\u00e9 \ud83c\udf0a Voir [&hellip;]<\/p>\n","protected":false},"author":1,"featured_media":0,"parent":0,"menu_order":0,"comment_status":"closed","ping_status":"closed","template":"","meta":{"site-sidebar-layout":"no-sidebar","site-content-layout":"page-builder","ast-site-content-layout":"full-width-container","site-content-style":"default","site-sidebar-style":"default","ast-global-header-display":"","ast-banner-title-visibility":"","ast-main-header-display":"","ast-hfb-above-header-display":"","ast-hfb-below-header-display":"","ast-hfb-mobile-header-display":"","site-post-title":"","ast-breadcrumbs-content":"","ast-featured-img":"disabled","footer-sml-layout":"","ast-disable-related-posts":"","theme-transparent-header-meta":"","adv-header-id-meta":"","stick-header-meta":"","header-above-stick-meta":"","header-main-stick-meta":"","header-below-stick-meta":"","astra-migrate-meta-layouts":"set","ast-page-background-enabled":"default","ast-page-background-meta":{"desktop":{"background-color":"var(--ast-global-color-4)","background-image":"","background-repeat":"repeat","background-position":"center center","background-size":"auto","background-attachment":"scroll","background-type":"","background-media":"","overlay-type":"","overlay-color":"","overlay-opacity":"","overlay-gradient":""},"tablet":{"background-color":"","background-image":"","background-repeat":"repeat","background-position":"center center","background-size":"auto","background-attachment":"scroll","background-type":"","background-media":"","overlay-type":"","overlay-color":"","overlay-opacity":"","overlay-gradient":""},"mobile":{"background-color":"","background-image":"","background-repeat":"repeat","background-position":"center center","background-size":"auto","background-attachment":"scroll","background-type":"","background-media":"","overlay-type":"","overlay-color":"","overlay-opacity":"","overlay-gradient":""}},"ast-content-background-meta":{"desktop":{"background-color":"var(--ast-global-color-5)","background-image":"","background-repeat":"repeat","background-position":"center center","background-size":"auto","background-attachment":"scroll","background-type":"","background-media":"","overlay-type":"","overlay-color":"","overlay-opacity":"","overlay-gradient":""},"tablet":{"background-color":"var(--ast-global-color-5)","background-image":"","background-repeat":"repeat","background-position":"center center","background-size":"auto","background-attachment":"scroll","background-type":"","background-media":"","overlay-type":"","overlay-color":"","overlay-opacity":"","overlay-gradient":""},"mobile":{"background-color":"var(--ast-global-color-5)","background-image":"","background-repeat":"repeat","background-position":"center center","background-size":"auto","background-attachment":"scroll","background-type":"","background-media":"","overlay-type":"","overlay-color":"","overlay-opacity":"","overlay-gradient":""}},"footnotes":""},"class_list":["post-3169","page","type-page","status-publish","hentry"],"_links":{"self":[{"href":"https:\/\/apph.fr\/wordpress\/wp-json\/wp\/v2\/pages\/3169","targetHints":{"allow":["GET"]}}],"collection":[{"href":"https:\/\/apph.fr\/wordpress\/wp-json\/wp\/v2\/pages"}],"about":[{"href":"https:\/\/apph.fr\/wordpress\/wp-json\/wp\/v2\/types\/page"}],"author":[{"embeddable":true,"href":"https:\/\/apph.fr\/wordpress\/wp-json\/wp\/v2\/users\/1"}],"replies":[{"embeddable":true,"href":"https:\/\/apph.fr\/wordpress\/wp-json\/wp\/v2\/comments?post=3169"}],"version-history":[{"count":13,"href":"https:\/\/apph.fr\/wordpress\/wp-json\/wp\/v2\/pages\/3169\/revisions"}],"predecessor-version":[{"id":3236,"href":"https:\/\/apph.fr\/wordpress\/wp-json\/wp\/v2\/pages\/3169\/revisions\/3236"}],"wp:attachment":[{"href":"https:\/\/apph.fr\/wordpress\/wp-json\/wp\/v2\/media?parent=3169"}],"curies":[{"name":"wp","href":"https:\/\/api.w.org\/{rel}","templated":true}]}}